{"id":52,"date":"2017-09-24T14:19:05","date_gmt":"2017-09-24T12:19:05","guid":{"rendered":"http:\/\/www.dewolf.at\/PULSE\/?page_id=52"},"modified":"2025-03-21T18:00:38","modified_gmt":"2025-03-21T17:00:38","slug":"klaudia-herler-ueber-mich","status":"publish","type":"page","link":"https:\/\/www.herler-gmbh.at\/psychotherapie\/klaudia-herler-ueber-mich\/","title":{"rendered":"\u00dcber mich"},"content":{"rendered":"<div id=\"cs-content\" class=\"cs-content\"><div id=\"x-section-1\" class=\"x-section\" style=\"margin: 0px;padding: 45px 0px; background-color: transparent;\" ><div id=\"\" class=\"x-container max width\" style=\"margin: 0px auto;padding: 0px;\" ><div  class=\"x-column x-sm x-1-3\" style=\"padding: 0px;\" ><hr  class=\"x-gap\" style=\"margin: 25px 0 0 0;\"><img decoding=\"async\"  class=\"x-img x-img-none\"  src=\"https:\/\/www.herler-gmbh.at\/psychotherapie\/wp-content\/uploads\/2017\/10\/Klaudia_Herler_DSC9150-1.jpg\" ><div id=\"\" class=\"x-text\" style=\"\" ><h4><\/h4>\n<\/div><\/div><div  class=\"x-column x-sm x-2-3\" style=\"padding: 0px;\" ><div id=\"\" class=\"x-text\" style=\"\" ><h2>\u00dcber mich<\/h2>\n<ul>\n<li>Psychotherapeutin \/ Integrative Gestalttherapeutin<\/li>\n<li>S\u00e4uglings- Kinder und Jugendpsychotherapeutin<\/li>\n<li>P\u00e4dagogin<\/li>\n<li>Polyvagaltheorie<\/li>\n<li>Seminarleiterin von \u201eStille Abende\u201c und \u201eStille Retreat Reisen\u201c<\/li>\n<li>Systemische Aufstellerin<\/li>\n<li>Buchautorin<\/li>\n<\/ul>\n<h4>Werdegang Mag. Klaudia Herler, Msc:<\/h4>\n<ul>\n<li>Studium der Erziehungswissenschaften \/ P\u00e4dagogik \/ F\u00e4cherb\u00fcndel<\/li>\n<li>Trainerin im Erwachsenenbildungsinstitut<\/li>\n<li>LFI &#8211; Leitung von Berufsorientierungskursen sowie Trainerin bei JASG f\u00fcr Jugendliche<\/li>\n<li>Buch- &amp; Verlagsinhaberin bis 2010<\/li>\n<li>Ausbildung zur systemischen Aufstellungsarbeit<\/li>\n<li>Seminarleiterin f\u00fcr Gruppen und Trainerin im gesamten deutschsprachigen Raum<\/li>\n<li>Ausbildungsleiterin im gesamten deutschsprachigen Raum<\/li>\n<li>Systemische Aufstellungen<\/li>\n<li>Prozessorientertes Arbeiten mit Gruppen<\/li>\n<li>Buchautorin (\u201eRothwald\u201c)<\/li>\n<li>Spezialisierung auf Selbsterfahrung und Stille Retreats<\/li>\n<li>Sozialp\u00e4dagogische Familienbetreuerin und Betreuerin im Krisendienst<\/li>\n<li>Betreuerin f\u00fcr Familien in schwierigen Lebenslagen in der ARGE\/Bezirk Weiz<\/li>\n<li>Psychotherapeutin in Ausbildung unter Supervision im Kinderschutzzentrum Liezen<\/li>\n<li>Eigene Praxis als Psychotherapeutin (Integrative Gestalttherapeutin)<\/li>\n<\/ul>\n<h4>Weiterbildungen im Rahmen der Kinder- und Jugendbetreuung:<\/h4>\n<ul>\n<li style=\"list-style-type: none;\">\n<ul>\n<li>Psychiatrische St\u00f6rungsbilder bei Kindern und Jugendlichen<\/li>\n<li>Dimensionen der Nachhaltigkeit in der Kinder- und Jugendhilfe<\/li>\n<li>Kinder- und Jugendpsychiatrisches Symposium P\u00f6llau 2015<\/li>\n<li>Kinder- und Jugendpsychiatrisches Symposium P\u00f6llau 2016<\/li>\n<li>Gewalt gegen Kinder: wahrnehmen \u2013 einsch\u00e4tzen &#8211; intervenieren<\/li>\n<\/ul>\n<\/li>\n<\/ul>\n<p><em>&#8222;Seit meinem 18. Lebensjahr bin ich der \u00dcberzeugung, dass der Mensch F\u00e4higkeiten in sich verborgen hat, die sich nicht immer auf der bewussten Ebene lokalisieren lassen, sondern oft versteckt schlummern. Diesen F\u00e4higkeiten auf die Spur zu kommen, \u00fcbt seither einen unwiderstehlichen Reiz auf mich aus. \u00dcberdies bin ich der Ansicht, dass es durchf\u00fchrbar ist, sich aus einem wiederholenden Leid zu befreien. Die M\u00f6glichkeit, sich seiner F\u00e4higkeiten bewusst zu werden, Ver\u00e4nderungen zu bewirken und seine eigene Ausdrucksm\u00f6glichkeit zu finden, ist mir ein gro\u00dfes Anliegen. Eine dieser M\u00f6glichkeiten bietet die systemische Aufstellung, eine weitere die Stille Abende und Stille Reisen kombiniert mit einer Vielfalt an Werkzeugen.&#8220;<br \/>\n<\/em><\/p>\n<h5>\u00dcberdies bin ich der Ansicht, dass es M\u00f6glichkeiten gibt, um ein Leben in Freude zu leben.<\/h5>\n<\/div><\/div><\/div><\/div><\/div>\n","protected":false},"excerpt":{"rendered":"","protected":false},"author":1,"featured_media":0,"parent":0,"menu_order":0,"comment_status":"closed","ping_status":"closed","template":"template-blank-1.php","meta":{"footnotes":""},"yoast_head":"<!-- This site is optimized with the Yoast SEO plugin v22.4 - https:\/\/yoast.com\/wordpress\/plugins\/seo\/ -->\n<title>\u00dcber mich - Klaudia Herler<\/title>\n<meta name=\"description\" content=\"Ich helfe Ihnen dabei, wieder ein Leben in Freude zu f\u00fchren und hei\u00dfe Sie in meiner Psychotherapeutischen Praxis in Gleisdorf herzlich willkommen.\" \/>\n<meta name=\"robots\" content=\"index, follow, max-snippet:-1, max-image-preview:large, max-video-preview:-1\" \/>\n<link rel=\"canonical\" href=\"https:\/\/www.herler-gmbh.at\/psychotherapie\/klaudia-herler-ueber-mich\/\" \/>\n<meta property=\"og:locale\" content=\"de_DE\" \/>\n<meta property=\"og:type\" content=\"article\" \/>\n<meta property=\"og:title\" content=\"\u00dcber mich - Klaudia Herler\" \/>\n<meta property=\"og:description\" content=\"Ich helfe Ihnen dabei, wieder ein Leben in Freude zu f\u00fchren und hei\u00dfe Sie in meiner Psychotherapeutischen Praxis in Gleisdorf herzlich willkommen.\" \/>\n<meta property=\"og:url\" content=\"https:\/\/www.herler-gmbh.at\/psychotherapie\/klaudia-herler-ueber-mich\/\" \/>\n<meta property=\"og:site_name\" content=\"Klaudia Herler\" \/>\n<meta property=\"article:publisher\" content=\"https:\/\/www.facebook.com\/profile.php?id=100001886465820\" \/>\n<meta property=\"article:modified_time\" content=\"2025-03-21T17:00:38+00:00\" \/>\n<meta property=\"og:image\" content=\"https:\/\/www.herler-gmbh.at\/psychotherapie\/wp-content\/uploads\/2024\/12\/Klaudia-Herler-Psychotherapie-Gleisdorf.jpg\" \/>\n\t<meta property=\"og:image:width\" content=\"1200\" \/>\n\t<meta property=\"og:image:height\" content=\"675\" \/>\n\t<meta property=\"og:image:type\" content=\"image\/jpeg\" \/>\n<meta name=\"twitter:card\" content=\"summary_large_image\" \/>\n<meta name=\"twitter:label1\" content=\"Gesch\u00e4tzte Lesezeit\" \/>\n\t<meta name=\"twitter:data1\" content=\"2\u00a0Minuten\" \/>\n<script type=\"application\/ld+json\" class=\"yoast-schema-graph\">{\"@context\":\"https:\/\/schema.org\",\"@graph\":[{\"@type\":\"WebPage\",\"@id\":\"https:\/\/www.herler-gmbh.at\/psychotherapie\/klaudia-herler-ueber-mich\/\",\"url\":\"https:\/\/www.herler-gmbh.at\/psychotherapie\/klaudia-herler-ueber-mich\/\",\"name\":\"\u00dcber mich - Klaudia Herler\",\"isPartOf\":{\"@id\":\"https:\/\/www.herler-gmbh.at\/psychotherapie\/#website\"},\"datePublished\":\"2017-09-24T12:19:05+00:00\",\"dateModified\":\"2025-03-21T17:00:38+00:00\",\"description\":\"Ich helfe Ihnen dabei, wieder ein Leben in Freude zu f\u00fchren und hei\u00dfe Sie in meiner Psychotherapeutischen Praxis in Gleisdorf herzlich willkommen.\",\"breadcrumb\":{\"@id\":\"https:\/\/www.herler-gmbh.at\/psychotherapie\/klaudia-herler-ueber-mich\/#breadcrumb\"},\"inLanguage\":\"de\",\"potentialAction\":[{\"@type\":\"ReadAction\",\"target\":[\"https:\/\/www.herler-gmbh.at\/psychotherapie\/klaudia-herler-ueber-mich\/\"]}]},{\"@type\":\"BreadcrumbList\",\"@id\":\"https:\/\/www.herler-gmbh.at\/psychotherapie\/klaudia-herler-ueber-mich\/#breadcrumb\",\"itemListElement\":[{\"@type\":\"ListItem\",\"position\":1,\"name\":\"Startseite\",\"item\":\"https:\/\/www.herler-gmbh.at\/psychotherapie\/\"},{\"@type\":\"ListItem\",\"position\":2,\"name\":\"\u00dcber mich\"}]},{\"@type\":\"WebSite\",\"@id\":\"https:\/\/www.herler-gmbh.at\/psychotherapie\/#website\",\"url\":\"https:\/\/www.herler-gmbh.at\/psychotherapie\/\",\"name\":\"Mag. Klaudia Herler - Psychotherapie in Gleisdorf\",\"description\":\"Ihre Psychotherapeutin in Gleisdorf\",\"publisher\":{\"@id\":\"https:\/\/www.herler-gmbh.at\/psychotherapie\/#organization\"},\"alternateName\":\"Klaudia Herler Psychotherapie\",\"potentialAction\":[{\"@type\":\"SearchAction\",\"target\":{\"@type\":\"EntryPoint\",\"urlTemplate\":\"https:\/\/www.herler-gmbh.at\/psychotherapie\/?s={search_term_string}\"},\"query-input\":\"required name=search_term_string\"}],\"inLanguage\":\"de\"},{\"@type\":\"Organization\",\"@id\":\"https:\/\/www.herler-gmbh.at\/psychotherapie\/#organization\",\"name\":\"Mag. Klaudia Herler Psychotherapie Gleisdorf\",\"alternateName\":\"Klaudia Herler Psychotherapie\",\"url\":\"https:\/\/www.herler-gmbh.at\/psychotherapie\/\",\"logo\":{\"@type\":\"ImageObject\",\"inLanguage\":\"de\",\"@id\":\"https:\/\/www.herler-gmbh.at\/psychotherapie\/#\/schema\/logo\/image\/\",\"url\":\"https:\/\/www.herler-gmbh.at\/psychotherapie\/wp-content\/uploads\/2024\/12\/klaudia_herler_psychotherapie_av.jpg\",\"contentUrl\":\"https:\/\/www.herler-gmbh.at\/psychotherapie\/wp-content\/uploads\/2024\/12\/klaudia_herler_psychotherapie_av.jpg\",\"width\":998,\"height\":998,\"caption\":\"Mag. Klaudia Herler Psychotherapie Gleisdorf\"},\"image\":{\"@id\":\"https:\/\/www.herler-gmbh.at\/psychotherapie\/#\/schema\/logo\/image\/\"},\"sameAs\":[\"https:\/\/www.facebook.com\/profile.php?id=100001886465820\",\"https:\/\/www.instagram.com\/klaudiaherler\"]}]}<\/script>\n<!-- \/ Yoast SEO plugin. -->","yoast_head_json":{"title":"\u00dcber mich - Klaudia Herler","description":"Ich helfe Ihnen dabei, wieder ein Leben in Freude zu f\u00fchren und hei\u00dfe Sie in meiner Psychotherapeutischen Praxis in Gleisdorf herzlich willkommen.","robots":{"index":"index","follow":"follow","max-snippet":"max-snippet:-1","max-image-preview":"max-image-preview:large","max-video-preview":"max-video-preview:-1"},"canonical":"https:\/\/www.herler-gmbh.at\/psychotherapie\/klaudia-herler-ueber-mich\/","og_locale":"de_DE","og_type":"article","og_title":"\u00dcber mich - Klaudia Herler","og_description":"Ich helfe Ihnen dabei, wieder ein Leben in Freude zu f\u00fchren und hei\u00dfe Sie in meiner Psychotherapeutischen Praxis in Gleisdorf herzlich willkommen.","og_url":"https:\/\/www.herler-gmbh.at\/psychotherapie\/klaudia-herler-ueber-mich\/","og_site_name":"Klaudia Herler","article_publisher":"https:\/\/www.facebook.com\/profile.php?id=100001886465820","article_modified_time":"2025-03-21T17:00:38+00:00","og_image":[{"width":1200,"height":675,"url":"https:\/\/www.herler-gmbh.at\/psychotherapie\/wp-content\/uploads\/2024\/12\/Klaudia-Herler-Psychotherapie-Gleisdorf.jpg","type":"image\/jpeg"}],"twitter_card":"summary_large_image","twitter_misc":{"Gesch\u00e4tzte Lesezeit":"2\u00a0Minuten"},"schema":{"@context":"https:\/\/schema.org","@graph":[{"@type":"WebPage","@id":"https:\/\/www.herler-gmbh.at\/psychotherapie\/klaudia-herler-ueber-mich\/","url":"https:\/\/www.herler-gmbh.at\/psychotherapie\/klaudia-herler-ueber-mich\/","name":"\u00dcber mich - Klaudia Herler","isPartOf":{"@id":"https:\/\/www.herler-gmbh.at\/psychotherapie\/#website"},"datePublished":"2017-09-24T12:19:05+00:00","dateModified":"2025-03-21T17:00:38+00:00","description":"Ich helfe Ihnen dabei, wieder ein Leben in Freude zu f\u00fchren und hei\u00dfe Sie in meiner Psychotherapeutischen Praxis in Gleisdorf herzlich willkommen.","breadcrumb":{"@id":"https:\/\/www.herler-gmbh.at\/psychotherapie\/klaudia-herler-ueber-mich\/#breadcrumb"},"inLanguage":"de","potentialAction":[{"@type":"ReadAction","target":["https:\/\/www.herler-gmbh.at\/psychotherapie\/klaudia-herler-ueber-mich\/"]}]},{"@type":"BreadcrumbList","@id":"https:\/\/www.herler-gmbh.at\/psychotherapie\/klaudia-herler-ueber-mich\/#breadcrumb","itemListElement":[{"@type":"ListItem","position":1,"name":"Startseite","item":"https:\/\/www.herler-gmbh.at\/psychotherapie\/"},{"@type":"ListItem","position":2,"name":"\u00dcber mich"}]},{"@type":"WebSite","@id":"https:\/\/www.herler-gmbh.at\/psychotherapie\/#website","url":"https:\/\/www.herler-gmbh.at\/psychotherapie\/","name":"Mag. Klaudia Herler - Psychotherapie in Gleisdorf","description":"Ihre Psychotherapeutin in Gleisdorf","publisher":{"@id":"https:\/\/www.herler-gmbh.at\/psychotherapie\/#organization"},"alternateName":"Klaudia Herler Psychotherapie","potentialAction":[{"@type":"SearchAction","target":{"@type":"EntryPoint","urlTemplate":"https:\/\/www.herler-gmbh.at\/psychotherapie\/?s={search_term_string}"},"query-input":"required name=search_term_string"}],"inLanguage":"de"},{"@type":"Organization","@id":"https:\/\/www.herler-gmbh.at\/psychotherapie\/#organization","name":"Mag. Klaudia Herler Psychotherapie Gleisdorf","alternateName":"Klaudia Herler Psychotherapie","url":"https:\/\/www.herler-gmbh.at\/psychotherapie\/","logo":{"@type":"ImageObject","inLanguage":"de","@id":"https:\/\/www.herler-gmbh.at\/psychotherapie\/#\/schema\/logo\/image\/","url":"https:\/\/www.herler-gmbh.at\/psychotherapie\/wp-content\/uploads\/2024\/12\/klaudia_herler_psychotherapie_av.jpg","contentUrl":"https:\/\/www.herler-gmbh.at\/psychotherapie\/wp-content\/uploads\/2024\/12\/klaudia_herler_psychotherapie_av.jpg","width":998,"height":998,"caption":"Mag. Klaudia Herler Psychotherapie Gleisdorf"},"image":{"@id":"https:\/\/www.herler-gmbh.at\/psychotherapie\/#\/schema\/logo\/image\/"},"sameAs":["https:\/\/www.facebook.com\/profile.php?id=100001886465820","https:\/\/www.instagram.com\/klaudiaherler"]}]}},"_links":{"self":[{"href":"https:\/\/www.herler-gmbh.at\/psychotherapie\/wp-json\/wp\/v2\/pages\/52"}],"collection":[{"href":"https:\/\/www.herler-gmbh.at\/psychotherapie\/wp-json\/wp\/v2\/pages"}],"about":[{"href":"https:\/\/www.herler-gmbh.at\/psychotherapie\/wp-json\/wp\/v2\/types\/page"}],"author":[{"embeddable":true,"href":"https:\/\/www.herler-gmbh.at\/psychotherapie\/wp-json\/wp\/v2\/users\/1"}],"replies":[{"embeddable":true,"href":"https:\/\/www.herler-gmbh.at\/psychotherapie\/wp-json\/wp\/v2\/comments?post=52"}],"version-history":[{"count":32,"href":"https:\/\/www.herler-gmbh.at\/psychotherapie\/wp-json\/wp\/v2\/pages\/52\/revisions"}],"predecessor-version":[{"id":724,"href":"https:\/\/www.herler-gmbh.at\/psychotherapie\/wp-json\/wp\/v2\/pages\/52\/revisions\/724"}],"wp:attachment":[{"href":"https:\/\/www.herler-gmbh.at\/psychotherapie\/wp-json\/wp\/v2\/media?parent=52"}],"curies":[{"name":"wp","href":"https:\/\/api.w.org\/{rel}","templated":true}]}}